{"id":2379,"date":"2024-09-02T16:16:27","date_gmt":"2024-09-02T14:16:27","guid":{"rendered":"https:\/\/fondazione-fair.it\/general-conference-napoli\/"},"modified":"2025-10-17T09:46:33","modified_gmt":"2025-10-17T07:46:33","slug":"general-conference-napoli","status":"publish","type":"page","link":"https:\/\/fondazione-fair.it\/en\/general-conference-napoli\/","title":{"rendered":"General Conference 2024"},"content":{"rendered":"<section class=\"l-section wpb_row us_custom_66e33175 height_large\"><div class=\"l-section-h i-cf\"><div class=\"g-cols vc_row via_flex valign_middle type_default stacking_default\"><div class=\"vc_col-sm-12 wpb_column vc_column_container\"><div class=\"vc_column-inner\"><div class=\"wpb_wrapper\"><\/div><\/div><\/div><\/div><\/div><\/section><section class=\"l-section wpb_row us_custom_2df7d2d9 sezione-programma-general-conference height_medium\"><div class=\"l-section-h i-cf\"><div class=\"g-cols vc_row via_flex valign_top type_default stacking_default\"><div class=\"vc_col-sm-12 wpb_column vc_column_container\"><div class=\"vc_column-inner\"><div class=\"wpb_wrapper\"><div class=\"g-cols wpb_row via_flex valign_top type_default stacking_default\"><div class=\"vc_col-sm-12 wpb_column vc_column_container\"><div class=\"vc_column-inner\"><div class=\"wpb_wrapper\">[vc_custom_heading text=&#8221;La General Conference 2024&#8243; font_container=&#8221;tag:h1|text_align:left&#8221; use_theme_fonts=&#8221;yes&#8221;]<div class=\"w-separator size_custom\" style=\"height:1rem\"><\/div><div class=\"wpb_text_column\"><div class=\"wpb_wrapper\"><p>Per riunire la comunit\u00e0 scientifica che si \u00e8 formata intorno al progetto e che comprende pi\u00f9 di 700 persone tra massa critica di ricerca, imprese e neo reclutati, oltre che per raccontare FAIR alla societ\u00e0 civile, al mondo delle aziende e dei professionisti, agli studenti, abbiamo organizzato a Napoli la prima General Conference di FAIR, il 23 e 24 settembre 2024: un evento scientifico e di disseminazione che ha visto protagonisti i pi\u00f9 interessanti risultati della ricerca prodotti da FAIR nel suo primo anno e mezzo di attivit\u00e0.<\/p>\n<p>Il <strong>comitato scientifico<\/strong> che ha lavorato al programma:<\/p>\n<ul>\n<li><strong>Marco Conti<\/strong> (Consiglio Nazionale delle Ricerche)<\/li>\n<li><strong>Michela Milano<\/strong> (Alma Mater Studiorum Universit\u00e0 di Bologna)<\/li>\n<li><strong>Alessandro Nicolosi<\/strong> (Leonardo S.p.A.)<\/li>\n<li><strong>Dino Pedreschi<\/strong> (Universit\u00e0 di Pisa)<\/li>\n<li><strong>Concetto Spampinato<\/strong> (Universit\u00e0 di Catania)<\/li>\n<li><strong>Paolo Traverso<\/strong> (Fondazione Bruno Kessler)<\/li>\n<\/ul>\n<\/div><\/div><\/div><\/div><\/div><\/div><div class=\"w-separator size_custom\" style=\"height:2.5rem\"><\/div><div class=\"g-cols wpb_row via_flex valign_top type_default stacking_default\"><div class=\"vc_col-sm-12 wpb_column vc_column_container\"><div class=\"vc_column-inner\"><div class=\"wpb_wrapper\"><div class=\"w-hwrapper valign_top wrap stack_on_mobiles align_justify\" style=\"--hwrapper-gap:1rem\"><div class=\"w-btn-wrapper align_center\"><a class=\"w-btn us-btn-style_5\" target=\"_blank\" href=\"https:\/\/fondazione-fair.it\/wp-content\/uploads\/2024\/10\/FAIR-General-Conference-2024-programma.pdf\"><span class=\"w-btn-label\">Programma conferenza<\/span><\/a><\/div><div class=\"w-btn-wrapper align_center\"><a class=\"w-btn us-btn-style_5\" target=\"_blank\" href=\"https:\/\/fondazione-fair.it\/wp-content\/uploads\/2024\/09\/NEXT-GENERATION-AI-Programma-evento-ANSA-FAIR.pdf\"><span class=\"w-btn-label\">Programma evento ANSA<\/span><\/a><\/div><div class=\"w-btn-wrapper align_center\"><a class=\"w-btn us-btn-style_5\" target=\"_blank\" href=\"https:\/\/fondazione-fair.it\/wp-content\/uploads\/2024\/09\/Programma-poster-session-live-GC-FAIR-2024-1.pdf\"><span class=\"w-btn-label\">Poster Session<\/span><\/a><\/div><div class=\"w-btn-wrapper align_center\"><a class=\"w-btn us-btn-style_5\" target=\"_blank\" href=\"https:\/\/fondazione-fair.it\/wp-content\/uploads\/2024\/09\/general-conference-FAIR-2024-programma-young-virtual-poster-session.pdf\"><span class=\"w-btn-label\">Virtual Young Poster Session<\/span><\/a><\/div><\/div><\/div><\/div><\/div><\/div><div class=\"w-separator size_custom with_line width_default thick_1 style_solid color_border align_center\" style=\"height:6rem\"><div class=\"w-separator-h\"><\/div><\/div><div class=\"g-cols wpb_row via_flex valign_top type_default stacking_default\"><div class=\"vc_col-sm-12 wpb_column vc_column_container\"><div class=\"vc_column-inner\"><div class=\"wpb_wrapper\">[vc_custom_heading text=&#8221;I contributi presentati alla General Conference 2024&#8243; use_theme_fonts=&#8221;yes&#8221;]<div class=\"w-separator size_custom\" style=\"height:1.5rem\"><\/div><div class=\"wpb_text_column us_custom_86f412fc has_text_color\"><div class=\"wpb_wrapper\"><h3><strong>Sessione 1 \u2013 Multimodal<\/strong><\/h3>\n<\/div><\/div><div class=\"wpb_text_column us_custom_1779c4bd\"><div class=\"wpb_wrapper\"><p><span style=\"color: #000000;\"><strong>Elisa Ricci<\/strong> (Fondazione Bruno Kessler &#8211; Universit\u00e0 di Trento) &#8211; <a href=\"https:\/\/fondazione-fair.it\/wp-content\/uploads\/2024\/09\/GC-FAIR-2024_Elisa_Ricci.pdf\" target=\"_blank\" rel=\"noopener\"><strong>Bridging Creation and Comprehension: Video Generation for Video Understanding<\/strong>\u00a0<\/a><\/span><br \/>\n<span style=\"color: #000000;\"><strong>Lorenzo Baraldi<\/strong> (Universit\u00e0 di Modena e Reggio Emilia) &#8211; <a href=\"https:\/\/fondazione-fair.it\/wp-content\/uploads\/2024\/09\/GC-FAIR-2024_Lorenzo_Baraldi.pdf\" target=\"_blank\" rel=\"noopener\"><strong>Hierarchical Retrieval-Augmented Generation and Validation for Multimodal LLMs<\/strong> <\/a><\/span><br \/>\n<span style=\"color: #000000;\"><strong>Michela Gravina<\/strong> (Universit\u00e0 Federico II di Napoli) &#8211; <a href=\"https:\/\/fondazione-fair.it\/wp-content\/uploads\/2024\/09\/GC-FAIR-2024_Michela_Gravina.pdf\" target=\"_blank\" rel=\"noopener\"><strong>Towards a multimodal AI resilient to data in-the-wild<\/strong>\u00a0<\/a><\/span><\/p>\n<\/div><\/div><div class=\"w-separator size_custom\" style=\"height:1.5rem\"><\/div><div class=\"wpb_text_column us_custom_86f412fc has_text_color\"><div class=\"wpb_wrapper\"><h3><strong>Sessione 2 &#8211; Computer vision<\/strong><\/h3>\n<\/div><\/div><div class=\"wpb_text_column us_custom_1779c4bd\"><div class=\"wpb_wrapper\"><p><span style=\"color: #000000;\"><strong>Fabrizio Falchi<\/strong> (CNR-ISTI) &#8211; <a href=\"https:\/\/fondazione-fair.it\/wp-content\/uploads\/2024\/09\/GC-FAIR-2024_Fabrizio_Falchi.pdf\" target=\"_blank\" rel=\"noopener\"><strong>The devil is in the fine-grained details: Evaluating open-vocabulary object detectors for fine-grained understanding <\/strong><\/a><\/span><br \/>\n<span style=\"color: #000000;\"><strong>Francesca Pistilli<\/strong> (Politecnico di Torino) &#8211; <a href=\"https:\/\/fondazione-fair.it\/wp-content\/uploads\/2024\/09\/GC-FAIR-2024_Francesca_Pistilli.pdf\" target=\"_blank\" rel=\"noopener\"><strong>Backpack Full of Skills: Egocentric Video Understanding with Diverse Task Perspectives<\/strong> <\/a><\/span><br \/>\n<span style=\"color: #000000;\"><strong>Giovanni Maria Farinella<\/strong> (Universit\u00e0 di Catania) &#8211; <a href=\"https:\/\/fondazione-fair.it\/wp-content\/uploads\/2024\/09\/GC-FAIR-2024_Giovanni_Farinella.pdf\" target=\"_blank\" rel=\"noopener\"><strong>Procedure Understanding from Egocentric Vision<\/strong><\/a><\/span><\/p>\n<\/div><\/div><div class=\"w-separator size_custom\" style=\"height:1.5rem\"><\/div><div class=\"wpb_text_column us_custom_86f412fc has_text_color\"><div class=\"wpb_wrapper\"><h3><strong>Sessione 3 &#8211; AI Act<\/strong><\/h3>\n<\/div><\/div><div class=\"wpb_text_column us_custom_1779c4bd\"><div class=\"wpb_wrapper\"><p><strong>Carlo Casonato<\/strong> (Universit\u00e0 di Trento) &#8211; <a href=\"https:\/\/fondazione-fair.it\/wp-content\/uploads\/2024\/09\/GC-FAIR-2024_Carlo_Casonato.pdf\" target=\"_blank\" rel=\"noopener\"><strong>Introduzione all\u2019AI Act<\/strong><\/a><\/p>\n<\/div><\/div><div class=\"w-separator size_custom\" style=\"height:1.5rem\"><\/div><div class=\"wpb_text_column us_custom_86f412fc has_text_color\"><div class=\"wpb_wrapper\"><h3><strong>Sessione 4 &#8211; LLM \u2013 Foundations<\/strong><\/h3>\n<\/div><\/div><div class=\"wpb_text_column us_custom_1779c4bd\"><div class=\"wpb_wrapper\"><p><span style=\"color: #000000;\"><strong>Bernardo Magnini<\/strong> (Fondazione Bruno Kessler) &#8211; <a href=\"https:\/\/fondazione-fair.it\/wp-content\/uploads\/2024\/09\/GC-FAIR-2024_Bernardo_Magnini.pdf\" target=\"_blank\" rel=\"noopener\"><strong>Verso un repository aperto di dati \u201cnativi\u201d italiani per modelli di AI generativa<\/strong><\/a><\/span><br \/>\n<span style=\"color: #000000;\"><strong>Pierpaolo Basile<\/strong> (Universit\u00e0 degli Studi \u201cAldo Moro\u201d di Bari) &#8211; <a href=\"https:\/\/fondazione-fair.it\/wp-content\/uploads\/2024\/09\/GC-FAIR-2024_Pierpaolo_Basile.pdf\" target=\"_blank\" rel=\"noopener\"><strong>LLaMAntino: a family of open source Large Language Models for Italian based on LLaMA<\/strong><\/a> <em><br \/>\n<\/em><strong><span class=\"OYPEnA font-feature-liga-off font-feature-clig-off font-feature-calt-off text-decoration-none text-strikethrough-none\">Vincenzo Masucci <\/span><\/strong><span class=\"OYPEnA font-feature-liga-off font-feature-clig-off font-feature-calt-off text-decoration-none text-strikethrough-none\">(Expert.ai) &#8211; <\/span><a href=\"https:\/\/fondazione-fair.it\/wp-content\/uploads\/2024\/09\/GC-FAIR-2024_Vincenzo_Masucci.pdf\" target=\"_blank\" rel=\"noopener\"><strong><span class=\"OYPEnA font-feature-liga-off font-feature-clig-off font-feature-calt-off text-decoration-none text-strikethrough-none\">Casi d\u2019uso di LLM nell\u2019ambito dei progetti di Ricerca Respira ed EnrichMyData<\/span><\/strong><\/a><\/span><em><br \/>\n<\/em><\/p>\n<\/div><\/div><div class=\"w-separator size_custom\" style=\"height:1.5rem\"><\/div><div class=\"wpb_text_column us_custom_86f412fc has_text_color\"><div class=\"wpb_wrapper\"><h3><strong>Sessione 5 &#8211; LLM \u2013 Applicazioni<\/strong><\/h3>\n<\/div><\/div><div class=\"wpb_text_column us_custom_1779c4bd\"><div class=\"wpb_wrapper\"><p><span style=\"color: #000000;\"><strong>Riccardo Cantini<\/strong> (Universit\u00e0 della Calabria) &#8211; <a href=\"https:\/\/fondazione-fair.it\/wp-content\/uploads\/2024\/09\/GC-FAIR-2024_Riccardo_Cantini.pdf\" target=\"_blank\" rel=\"noopener\"><strong>Xai-driven knowledge distillation of large language models for efficient deployment on low-resource devices<\/strong> <\/a><\/span><br \/>\n<span style=\"color: #000000;\"><strong>Giulia Pasquale<\/strong> (Istituto Italiano di Tecnologia) &#8211; <a href=\"https:\/\/fondazione-fair.it\/wp-content\/uploads\/2024\/09\/GC-FAIR-2024_Giulia_Pasquale.pdf\" target=\"_blank\" rel=\"noopener\"><strong>Integrazione di Informazioni Fisiche in LLM Multimodali per la Manipolazione Robotica<\/strong> <\/a><\/span><br \/>\n<span style=\"color: #000000;\"><strong>Mauro Dragoni<\/strong> (Fondazione Bruno Kessler) &#8211; <a href=\"https:\/\/fondazione-fair.it\/wp-content\/uploads\/2024\/09\/GC-FAIR-2024_Mauro_Dragoni.pdf\" target=\"_blank\" rel=\"noopener\"><strong>Bridging LLMs Into Reliable Medical Chatbots\u00a0<\/strong><\/a><\/span><\/p>\n<\/div><\/div><div class=\"w-separator size_custom\" style=\"height:1.5rem\"><\/div><div class=\"wpb_text_column us_custom_86f412fc has_text_color\"><div class=\"wpb_wrapper\"><h3><strong>Sessione 6 &#8211; Machine Learning<\/strong><\/h3>\n<\/div><\/div><div class=\"wpb_text_column us_custom_1779c4bd\"><div class=\"wpb_wrapper\"><p><span style=\"color: #000000;\"><strong>Raffaello Camoriano<\/strong> (Politecnico di Torino) &#8211; <a href=\"https:\/\/fondazione-fair.it\/wp-content\/uploads\/2024\/09\/GC-FAIR-2024_Raffaello_Camoriano.pdf\" target=\"_blank\" rel=\"noopener\"><strong>Accelerating heterogeneous federated learning with closed-form classifiers<\/strong> <\/a><\/span><br \/>\n<span style=\"color: #000000;\"><strong>Michele Parrinello<\/strong> (Istituto Italiano di Tecnologia) &#8211; <a href=\"https:\/\/fondazione-fair.it\/wp-content\/uploads\/2024\/09\/GC-FAIR-2024_Michele_Parrinello.pdf\" target=\"_blank\" rel=\"noopener\"><strong>AI for physics and chemistry <\/strong><\/a><\/span><br \/>\n<span style=\"color: #000000;\"><strong>Domenico Talia<\/strong> (Universit\u00e0 della Calabria) &#8211; <a href=\"https:\/\/fondazione-fair.it\/wp-content\/uploads\/2024\/09\/GC-FAIR-2024_Domenico_Talia.pdf\" target=\"_blank\" rel=\"noopener\"><strong>Estimating and Interpreting the Energy Consumption of Edge-based Distributed Machine Learning Algorithms<\/strong> <\/a><\/span><br \/>\n<span style=\"color: #000000;\"><strong>Federica Gerace<\/strong> (Universit\u00e0 di Bologna) &#8211; <a href=\"https:\/\/fondazione-fair.it\/wp-content\/uploads\/2024\/09\/GC-FAIR-2024_Federica_Gerace.pdf\" target=\"_blank\" rel=\"noopener\"><strong>Opening the AI blackbox through the lens of hard sciences and viceversa<\/strong><\/a><\/span><\/p>\n<\/div><\/div><div class=\"w-separator size_custom\" style=\"height:1.5rem\"><\/div><div class=\"wpb_text_column us_custom_86f412fc has_text_color\"><div class=\"wpb_wrapper\"><h3><strong>Sessione 7 &#8211; Human Hybrid Artificial Intelligence<\/strong><\/h3>\n<\/div><\/div><div class=\"wpb_text_column us_custom_1779c4bd\"><div class=\"wpb_wrapper\"><p><span style=\"color: #000000;\"><strong>Roberto Pellungrini<\/strong> (Scuola Normale Superiore) &#8211; <a href=\"https:\/\/fondazione-fair.it\/wp-content\/uploads\/2024\/09\/GC-FAIR-2024_Roberto_Pellungrini.pdf\" target=\"_blank\" rel=\"noopener\"><strong>Towards a Synergistic human-machine Interaction and Collaboration<\/strong> <\/a><\/span><br \/>\n<span style=\"color: #000000;\"><strong>Luca Iocchi<\/strong> (Universit\u00e0 La Sapienza di Roma) &#8211; <a href=\"https:\/\/fondazione-fair.it\/wp-content\/uploads\/2024\/09\/GC-FAIR-2024_Luca-Iocchi.pdf\" target=\"_blank\" rel=\"noopener\"><strong>Learning adjustable autonomy policies in Multi Human-AI agent Reinforcement Learning (MHAIRL)<\/strong><\/a><\/span><br \/>\n<span style=\"color: #000000;\"><strong>Valentina Pansanella<\/strong> (CNR-ISTI) &#8211; <a href=\"https:\/\/fondazione-fair.it\/wp-content\/uploads\/2024\/09\/GC-FAIR-2024_Valentina_Pansanella.pdf\" target=\"_blank\" rel=\"noopener\"><strong>Human-AI Coevolution<\/strong> <\/a><\/span><br \/>\n<span style=\"color: #000000;\"><strong>Rosa Lanzilotti<\/strong> (Universit\u00e0 degli Studi \u201cAldo Moro\u201d di Bari) &#8211; <a href=\"https:\/\/fondazione-fair.it\/wp-content\/uploads\/2024\/09\/GC-FAIR-2024_Rosa_Lanzillotti.pdf\" target=\"_blank\" rel=\"noopener\"><strong>Towards a Conceptual Framework for designing Symbiotic AI systems<\/strong>\u00a0<\/a><\/span><\/p>\n<\/div><\/div><\/div><\/div><\/div><\/div><div class=\"w-separator size_custom with_line width_default thick_1 style_solid color_border align_center\" style=\"height:6rem\"><div class=\"w-separator-h\"><\/div><\/div><div class=\"g-cols wpb_row via_flex valign_top type_default stacking_default\"><div class=\"vc_col-sm-12 wpb_column vc_column_container\"><div class=\"vc_column-inner\"><div class=\"wpb_wrapper\">[vc_custom_heading text=&#8221;Next Generation AI \u2013 La ricerca italiana per l\u2019intelligenza artificiale<br \/>\nTalk show in collaborazione con l\u2019Osservatorio sull\u2019IA ANSA&#8221; font_container=&#8221;tag:h3|text_align:left&#8221; use_theme_fonts=&#8221;yes&#8221; css=&#8221;%7B%22default%22%3A%7B%22color%22%3A%22%2366aadd%22%7D%7D&#8221;]<div class=\"w-separator size_custom\" style=\"height:1rem\"><\/div><div class=\"w-video align_center ratio_16x9\"><div class=\"w-video-h\"><iframe loading=\"lazy\" title=\"NEXT GENERATION AI - La ricerca italiana per l&#039;intelligenza artificiale\" width=\"640\" height=\"360\" src=\"https:\/\/www.youtube.com\/embed\/HHmGdzGpcOc?feature=oembed\" frameborder=\"0\" allow=\"accelerometer; autoplay; clipboard-write; encrypted-media; gyroscope; picture-in-picture; web-share\" referrerpolicy=\"strict-origin-when-cross-origin\" allowfullscreen><\/iframe><\/div><\/div><\/div><\/div><\/div><\/div><\/div><\/div><\/div><\/div><\/div><\/section>\n","protected":false},"excerpt":{"rendered":"[vc_custom_heading text=\"La General Conference 2024\" font_container=\"tag:h1|text_align:left\" use_theme_fonts=\"yes\"] Per riunire la comunit\u00e0 scientifica che si \u00e8 formata intorno al progetto e che comprende pi\u00f9 di 700 persone tra massa critica di ricerca, imprese e neo reclutati, oltre che per raccontare FAIR alla societ\u00e0 civile, al mondo delle aziende e dei professionisti, agli studenti, abbiamo organizzato a...","protected":false},"author":1,"featured_media":0,"parent":0,"menu_order":0,"comment_status":"closed","ping_status":"closed","template":"","meta":{"footnotes":""},"class_list":["post-2379","page","type-page","status-publish","hentry"],"_links":{"self":[{"href":"https:\/\/fondazione-fair.it\/en\/wp-json\/wp\/v2\/pages\/2379","targetHints":{"allow":["GET"]}}],"collection":[{"href":"https:\/\/fondazione-fair.it\/en\/wp-json\/wp\/v2\/pages"}],"about":[{"href":"https:\/\/fondazione-fair.it\/en\/wp-json\/wp\/v2\/types\/page"}],"author":[{"embeddable":true,"href":"https:\/\/fondazione-fair.it\/en\/wp-json\/wp\/v2\/users\/1"}],"replies":[{"embeddable":true,"href":"https:\/\/fondazione-fair.it\/en\/wp-json\/wp\/v2\/comments?post=2379"}],"version-history":[{"count":8,"href":"https:\/\/fondazione-fair.it\/en\/wp-json\/wp\/v2\/pages\/2379\/revisions"}],"predecessor-version":[{"id":3750,"href":"https:\/\/fondazione-fair.it\/en\/wp-json\/wp\/v2\/pages\/2379\/revisions\/3750"}],"wp:attachment":[{"href":"https:\/\/fondazione-fair.it\/en\/wp-json\/wp\/v2\/media?parent=2379"}],"curies":[{"name":"wp","href":"https:\/\/api.w.org\/{rel}","templated":true}]}}