{"id":1811,"date":"2024-04-29T10:54:34","date_gmt":"2024-04-29T08:54:34","guid":{"rendered":"https:\/\/fondazione-fair.it\/governance\/"},"modified":"2024-05-17T13:10:20","modified_gmt":"2024-05-17T11:10:20","slug":"governance","status":"publish","type":"page","link":"https:\/\/fondazione-fair.it\/en\/governance\/","title":{"rendered":"Governance"},"content":{"rendered":"<section class=\"l-section wpb_row us_custom_4a15bdf4 height_large\"><div class=\"l-section-h i-cf\"><div class=\"g-cols vc_row via_flex valign_middle type_default stacking_default\"><div class=\"vc_col-sm-12 wpb_column vc_column_container\"><div class=\"vc_column-inner\"><div class=\"wpb_wrapper\">[vc_custom_heading text=&#8221;Governance&#8221; font_container=&#8221;tag:h1|text_align:center&#8221; use_theme_fonts=&#8221;yes&#8221; css=&#8221;%7B%22default%22%3A%7B%22color%22%3A%22%23ffffff%22%7D%7D&#8221;]<\/div><\/div><\/div><\/div><\/div><\/section><section class=\"l-section wpb_row us_custom_2df7d2d9 sezione-organi-componenti height_medium\" id=\"#organi\"><div class=\"l-section-h i-cf\"><div class=\"g-cols vc_row via_flex valign_top type_default stacking_default\"><div class=\"vc_col-sm-12 wpb_column vc_column_container\"><div class=\"vc_column-inner\"><div class=\"wpb_wrapper\"><div class=\"g-cols wpb_row via_flex valign_top type_default stacking_default\"><div class=\"vc_col-sm-12 wpb_column vc_column_container\"><div class=\"vc_column-inner\"><div class=\"wpb_wrapper\">[vc_custom_heading text=&#8221;Governance and organization&#8221; use_theme_fonts=&#8221;yes&#8221; css=&#8221;%7B%22default%22%3A%7B%22padding-top%22%3A%220%22%7D%7D&#8221;]<div class=\"w-separator size_small\"><\/div><div class=\"wpb_text_column\"><div class=\"wpb_wrapper\"><p><b>Board of directors:<\/b><\/p>\n<ul>\n<li>Giuseppe De Pietro (<em>Consiglio Nazionale delle Ricerche<\/em>), President<\/li>\n<li>Carlo Sansone <i>(Universit\u00e0 degli Studi di Napoli Federico II)<\/i>, Vice President<\/li>\n<li>Pierluigi Contucci (<em>Alma Mater Studiorum<\/em> &#8211; <em>Universit\u00e0 di Bologna<\/em>)<\/li>\n<li>Rita Cucchiara <i>(Universit\u00e0 degli studi di Modena e Reggio Emilia)<\/i><\/li>\n<li>Daniele Nardi <i>(Consorzio Interuniversitario Nazionale per l\u2019Informatica)<\/i><\/li>\n<li>Fabio Tedoldi <i>(Bracco)<\/i><\/li>\n<\/ul>\n<\/div><\/div><div class=\"w-separator size_medium\"><\/div><div class=\"wpb_text_column\"><div class=\"wpb_wrapper\"><p><strong>Reviewers<\/strong><\/p>\n<ul>\n<li>Flavia Lancieri, President<\/li>\n<li>Giuseppe Mangano, member<\/li>\n<li>Marcello Marzano, member<\/li>\n<\/ul>\n<\/div><\/div><div class=\"w-separator size_medium\"><\/div><div class=\"wpb_text_column\"><div class=\"wpb_wrapper\"><p><b>Technical-Scientific Committee:<\/b><\/p>\n<ul>\n<li>Marco Conti <i>(Consiglio Nazionale delle Ricerche)<\/i> &#8211; President<\/li>\n<li>Dino Pedreschi <i>(Universit\u00e0 di Pisa)<\/i> &#8211; Spoke 1 Coordinator<\/li>\n<li>Paolo Traverso <i>(Fondazione Bruno Kessler)<\/i> &#8211; Spoke 2 Coordinator<\/li>\n<li>Sergio Di Martino <i>(Universit\u00e0 degli Studi di Napoli \u201cFederico II\u201d)<\/i> &#8211; Spoke 3 Coordinator<\/li>\n<li>Nicola Gatti <i>(Politecnico di Milano)<\/i> &#8211; Spoke 4 Coordinator<\/li>\n<li>Luca Iocchi <i>(La Sapienza Universit\u00e0 di Roma)<\/i> &#8211; Spoke 5 Coordinator<\/li>\n<li>Donato Malerba <i>(Universit\u00e0 di Bari)<\/i> &#8211; Spoke 6 Coordinator<\/li>\n<li>Barbara Caputo <i>(Politecnico di Torino)<\/i> &#8211; Spoke 7 Coordinator<\/li>\n<li>Michela Milano <i>(Universit\u00e0 di Bologna)<\/i> &#8211; Spoke 8 Coordinator<\/li>\n<li>Francesco Scarcello <i>(Universit\u00e0 della Calabria)<\/i> &#8211; Spoke 9 Coordinator<\/li>\n<li>Massimiliano Pontil <i>(Istituto Italiano di Tecnologia)<\/i> &#8211; Spoke 10 Coordinator<\/li>\n<li>Tommaso Boccali <i>(Istituto Nazionale Di Fisica Nucleare)<\/i> &#8211; Public Founder<\/li>\n<li>Fosca Giannotti <i>(Scuola Normale Superiore)<\/i> &#8211; Public Founder<\/li>\n<li>Alessandro Nicolosi <i>(Leonardo Spa) <\/i>&#8211; Private Founder<\/li>\n<li>Paolo Soda <i>(Campus Bio-Medico di Roma)<\/i> &#8211; Private Founder<\/li>\n<li>Concetto Spampinato <i>(Universit\u00e0 di Catania)<\/i> &#8211; Public Founder<\/li>\n<\/ul>\n<\/div><\/div><div class=\"w-separator size_medium\"><\/div><div class=\"wpb_text_column\"><div class=\"wpb_wrapper\"><p><!--ScriptorStartFragment--><strong>Program manager:<\/strong><\/p>\n<p><!--ScriptorEndFragment--><\/p>\n<ul>\n<li><!--ScriptorStartFragment-->Marta Rapallini &#8211; <a href=\"https:\/\/fondazione-fair.it\/wp-content\/uploads\/2024\/05\/CV_Rapallini-2023-1.0-PM-FAIR-per-sito-1.pdf\">Curriculum Vitae<\/a><!--ScriptorEndFragment--><!--ScriptorEndFragment--><\/li>\n<\/ul>\n<\/div><\/div><\/div><\/div><\/div><\/div><\/div><\/div><\/div><\/div><\/div><\/section>\n","protected":false},"excerpt":{"rendered":"[vc_custom_heading text=\"Governance\" font_container=\"tag:h1|text_align:center\" use_theme_fonts=\"yes\" css=\"%7B%22default%22%3A%7B%22color%22%3A%22%23ffffff%22%7D%7D\"][vc_custom_heading text=\"Governance and organization\" use_theme_fonts=\"yes\" css=\"%7B%22default%22%3A%7B%22padding-top%22%3A%220%22%7D%7D\"] Board of directors: Giuseppe De Pietro (Consiglio Nazionale delle Ricerche), President Carlo Sansone (Universit\u00e0 degli Studi di Napoli Federico II), Vice President Pierluigi Contucci (Alma Mater Studiorum &#8211; Universit\u00e0 di Bologna) Rita Cucchiara (Universit\u00e0 degli studi di Modena e Reggio Emilia) Daniele Nardi (Consorzio Interuniversitario...","protected":false},"author":1,"featured_media":0,"parent":0,"menu_order":0,"comment_status":"closed","ping_status":"closed","template":"","meta":{"footnotes":""},"class_list":["post-1811","page","type-page","status-publish","hentry"],"_links":{"self":[{"href":"https:\/\/fondazione-fair.it\/en\/wp-json\/wp\/v2\/pages\/1811","targetHints":{"allow":["GET"]}}],"collection":[{"href":"https:\/\/fondazione-fair.it\/en\/wp-json\/wp\/v2\/pages"}],"about":[{"href":"https:\/\/fondazione-fair.it\/en\/wp-json\/wp\/v2\/types\/page"}],"author":[{"embeddable":true,"href":"https:\/\/fondazione-fair.it\/en\/wp-json\/wp\/v2\/users\/1"}],"replies":[{"embeddable":true,"href":"https:\/\/fondazione-fair.it\/en\/wp-json\/wp\/v2\/comments?post=1811"}],"version-history":[{"count":8,"href":"https:\/\/fondazione-fair.it\/en\/wp-json\/wp\/v2\/pages\/1811\/revisions"}],"predecessor-version":[{"id":1933,"href":"https:\/\/fondazione-fair.it\/en\/wp-json\/wp\/v2\/pages\/1811\/revisions\/1933"}],"wp:attachment":[{"href":"https:\/\/fondazione-fair.it\/en\/wp-json\/wp\/v2\/media?parent=1811"}],"curies":[{"name":"wp","href":"https:\/\/api.w.org\/{rel}","templated":true}]}}