{"id":1541,"date":"2024-02-05T12:48:49","date_gmt":"2024-02-05T11:48:49","guid":{"rendered":"https:\/\/fondazione-fair.it\/transversal-projects\/"},"modified":"2024-03-07T15:22:12","modified_gmt":"2024-03-07T14:22:12","slug":"transversal-projects","status":"publish","type":"page","link":"https:\/\/fondazione-fair.it\/en\/transversal-projects\/","title":{"rendered":"Transversal Projects"},"content":{"rendered":"<section class=\"l-section wpb_row us_custom_2df7d2d9 sezione-transversal-projects height_medium\"><div class=\"l-section-h i-cf\"><div class=\"g-cols vc_row via_flex valign_top type_default stacking_default\"><div class=\"vc_col-sm-12 wpb_column vc_column_container\"><div class=\"vc_column-inner\"><div class=\"wpb_wrapper\"><div class=\"wpb_text_column\"><div class=\"wpb_wrapper\"><p>The thematic areas addressed by FAIR spokes involve many levels of possible interaction. This is because the project aims to solve complex problems that span across different areas, and to do so, it is necessary to share approaches, materials, and information.<br \/>\nCooperation within FAIR is ensured by the Transversal Projects (TP), which bring together researchers working on a common research challenge that extends across various work packages, which are indeed transversal to individual spokes.<\/p>\n<p>The Transversal Projects are dynamic working groups tasked with fostering synergies among the different spokes and laying the groundwork for further collaborations. During the project\u2019s execution, new cross-cutting challenges may emerge, potentially leading to the creation of new TP.<\/p>\n<\/div><\/div><div class=\"w-separator size_medium\"><\/div><div class=\"w-image align_center\"><div class=\"w-image-h\"><img decoding=\"async\" width=\"1140\" height=\"713\" src=\"https:\/\/fondazione-fair.it\/wp-content\/uploads\/2024\/02\/Matrice-1.svg\" class=\"attachment-full size-full\" alt=\"\" loading=\"lazy\" \/><\/div><\/div><div class=\"w-separator size_medium\"><\/div><div class=\"g-cols wpb_row via_flex valign_top type_default stacking_default\"><div class=\"vc_col-sm-6 wpb_column vc_column_container\"><div class=\"vc_column-inner\"><div class=\"wpb_wrapper\"><div class=\"w-vwrapper us_custom_8124d88a align_none valign_top\">[vc_custom_heading text=&#8221;TP1: Legal and Ethical Design of Trustworthy AI Systems&#8221; font_container=&#8221;tag:h6|text_align:left&#8221; use_theme_fonts=&#8221;yes&#8221;]<div class=\"wpb_text_column\"><div class=\"wpb_wrapper\"><p dir=\"auto\">PIs: Carlo Casonato (Universit\u00e0 di Trento), Adriano Fabris (Universit\u00e0 di Pisa), Giovanni Sartor (Universit\u00e0 di Bologna)<\/p>\n<\/div><\/div><div class=\"wpb_text_column us_custom_e7be6b5b bottone-link-interno\"><div class=\"wpb_wrapper\"><p><a href=\"https:\/\/fondazione-fair.it\/en\/transversal-projects\/tp1-legal-and-ethical-design-of-trustworthy-ai-systems\/\" rel=\"noopener\">Find out more<\/a><\/p>\n<\/div><\/div><\/div><\/div><\/div><\/div><div class=\"vc_col-sm-6 wpb_column vc_column_container\"><div class=\"vc_column-inner\"><div class=\"wpb_wrapper\"><div class=\"w-vwrapper us_custom_8124d88a align_none valign_top\">[vc_custom_heading text=&#8221;TP2: Vision, Language and Multimodal Challenges&#8221; font_container=&#8221;tag:h6|text_align:left&#8221; use_theme_fonts=&#8221;yes&#8221;]<div class=\"wpb_text_column\"><div class=\"wpb_wrapper\"><p><span style=\"font-weight: 400;\">PIs: Rita Cucchiara (CNR \u2013 Universit\u00e0 di Modena e Reggio), Roberto Navigli (La Sapienza Universit\u00e0 di Roma)<\/span><\/p>\n<\/div><\/div><div class=\"wpb_text_column us_custom_e7be6b5b bottone-link-interno\"><div class=\"wpb_wrapper\"><p><a href=\"https:\/\/fondazione-fair.it\/en\/transversal-projects\/tp2-vision-language-and-multimodal-challenges\/\" rel=\"noopener\">Find out more<\/a><\/p>\n<\/div><\/div><\/div><\/div><\/div><\/div><\/div><div class=\"w-separator size_small\"><\/div><div class=\"g-cols wpb_row via_flex valign_top type_default stacking_default\"><div class=\"vc_col-sm-6 wpb_column vc_column_container\"><div class=\"vc_column-inner\"><div class=\"wpb_wrapper\"><div class=\"w-vwrapper us_custom_8124d88a align_none valign_top\">[vc_custom_heading text=&#8221;TP3: Learning and Reasoning from Individual to Communities to Society&#8221; font_container=&#8221;tag:h6|text_align:left&#8221; use_theme_fonts=&#8221;yes&#8221;]<div class=\"wpb_text_column\"><div class=\"wpb_wrapper\"><p><span style=\"font-weight: 400;\">PIs: Fosca Giannotti (Scuola Normale Superiore), Bruno Lepri (Fondazione Bruno Kessler)<\/span><\/p>\n<\/div><\/div><div class=\"wpb_text_column us_custom_e7be6b5b bottone-link-interno\"><div class=\"wpb_wrapper\"><p><a href=\"https:\/\/fondazione-fair.it\/en\/transversal-projects\/tp3-learning-and-reasoning-from-individual-to-communities-to-society\/\" rel=\"noopener\">Find out more<\/a><\/p>\n<\/div><\/div><\/div><\/div><\/div><\/div><div class=\"vc_col-sm-6 wpb_column vc_column_container\"><div class=\"vc_column-inner\"><div class=\"wpb_wrapper\"><div class=\"w-vwrapper us_custom_8124d88a align_none valign_top\">[vc_custom_heading text=&#8221;TP4: Adjustable Autonomy and Physical Embodied Intelligence&#8221; font_container=&#8221;tag:h6|text_align:left&#8221; use_theme_fonts=&#8221;yes&#8221;]<div class=\"wpb_text_column\"><div class=\"wpb_wrapper\"><p><span style=\"font-weight: 400;\">PIs: Fabio Patrizi (La Sapienza Universit\u00e0 di Roma), Barbara Caputo (Politecnico di Torino)<\/span><\/p>\n<\/div><\/div><div class=\"wpb_text_column us_custom_e7be6b5b bottone-link-interno\"><div class=\"wpb_wrapper\"><p><a href=\"https:\/\/fondazione-fair.it\/en\/transversal-projects\/tp4-adjustable-autonomy-and-physical-embodied-intelligence\/\" rel=\"noopener\">Find out more<\/a><\/p>\n<\/div><\/div><\/div><\/div><\/div><\/div><\/div><div class=\"w-separator size_small\"><\/div><div class=\"g-cols wpb_row via_flex valign_top type_default stacking_default\"><div class=\"vc_col-sm-6 wpb_column vc_column_container\"><div class=\"vc_column-inner\"><div class=\"wpb_wrapper\"><div class=\"w-vwrapper us_custom_8124d88a align_none valign_top\">[vc_custom_heading text=&#8221;TP5: Frontiers of Machine Learning \u2013 Hard Sciences for Machine Learning&#8221; font_container=&#8221;tag:h6|text_align:left&#8221; use_theme_fonts=&#8221;yes&#8221;]<div class=\"wpb_text_column\"><div class=\"wpb_wrapper\"><p><span style=\"font-weight: 400;\">PIs: Pierluigi Contucci (Universit\u00e0 di Bologna), Riccardo Zecchina (Universit\u00e0 Bocconi)<\/span><\/p>\n<\/div><\/div><div class=\"wpb_text_column us_custom_e7be6b5b bottone-link-interno\"><div class=\"wpb_wrapper\"><p><a href=\"https:\/\/fondazione-fair.it\/en\/transversal-projects\/tp5-frontiers-of-machine-learning-hard-sciences-for-machine-learning\/\" rel=\"noopener\">Find out more<\/a><\/p>\n<\/div><\/div><\/div><\/div><\/div><\/div><div class=\"vc_col-sm-6 wpb_column vc_column_container\"><div class=\"vc_column-inner\"><div class=\"wpb_wrapper\"><div class=\"w-vwrapper us_custom_8124d88a align_none valign_top\">[vc_custom_heading text=&#8221;TP6: Frontiers of Machine Learning \u2013 Lifelong Learning&#8221; font_container=&#8221;tag:h6|text_align:left&#8221; use_theme_fonts=&#8221;yes&#8221;]<div class=\"wpb_text_column\"><div class=\"wpb_wrapper\"><p><span style=\"font-weight: 400;\">PI: Davide Bacciu (Universit\u00e0 di Pisa), Concetto Spampinato (Universit\u00e0 di Catania)<\/span><\/p>\n<\/div><\/div><div class=\"wpb_text_column us_custom_e7be6b5b bottone-link-interno\"><div class=\"wpb_wrapper\"><p><a href=\"https:\/\/fondazione-fair.it\/en\/transversal-projects\/tp6-frontiers-of-machine-learning-lifelong-learning\/\" rel=\"noopener\">Find out more<\/a><\/p>\n<\/div><\/div><\/div><\/div><\/div><\/div><\/div><div class=\"w-separator size_small\"><\/div><div class=\"g-cols wpb_row via_flex valign_top type_default stacking_default\"><div class=\"vc_col-sm-6 wpb_column vc_column_container\"><div class=\"vc_column-inner\"><div class=\"wpb_wrapper\"><div class=\"w-vwrapper us_custom_8124d88a align_none valign_top\">[vc_custom_heading text=&#8221;TP7: Data Centric AI and Infrastructures&#8221; font_container=&#8221;tag:h6|text_align:left&#8221; use_theme_fonts=&#8221;yes&#8221;]<div class=\"wpb_text_column\"><div class=\"wpb_wrapper\"><p><span style=\"font-weight: 400;\">PIs: Donato Malerba (Universit\u00e0 di Bari), Maurizio Lenzerini (La Sapienza Universit\u00e0 di Roma)<\/span><\/p>\n<\/div><\/div><div class=\"wpb_text_column us_custom_e7be6b5b bottone-link-interno\"><div class=\"wpb_wrapper\"><p><a href=\"https:\/\/fondazione-fair.it\/en\/transversal-projects\/tp7-data-centric-ai-and-infrastructures\/\">Find out more<\/a><\/p>\n<\/div><\/div><\/div><\/div><\/div><\/div><\/div><\/div><\/div><\/div><\/div><\/div><\/section>\n","protected":false},"excerpt":{"rendered":"The thematic areas addressed by FAIR spokes involve many levels of possible interaction. This is because the project aims to solve complex problems that span across different areas, and to do so, it is necessary to share approaches, materials, and information. Cooperation within FAIR is ensured by the Transversal Projects (TP), which bring together researchers...","protected":false},"author":1,"featured_media":0,"parent":0,"menu_order":0,"comment_status":"closed","ping_status":"closed","template":"","meta":{"footnotes":""},"class_list":["post-1541","page","type-page","status-publish","hentry"],"_links":{"self":[{"href":"https:\/\/fondazione-fair.it\/en\/wp-json\/wp\/v2\/pages\/1541","targetHints":{"allow":["GET"]}}],"collection":[{"href":"https:\/\/fondazione-fair.it\/en\/wp-json\/wp\/v2\/pages"}],"about":[{"href":"https:\/\/fondazione-fair.it\/en\/wp-json\/wp\/v2\/types\/page"}],"author":[{"embeddable":true,"href":"https:\/\/fondazione-fair.it\/en\/wp-json\/wp\/v2\/users\/1"}],"replies":[{"embeddable":true,"href":"https:\/\/fondazione-fair.it\/en\/wp-json\/wp\/v2\/comments?post=1541"}],"version-history":[{"count":5,"href":"https:\/\/fondazione-fair.it\/en\/wp-json\/wp\/v2\/pages\/1541\/revisions"}],"predecessor-version":[{"id":1548,"href":"https:\/\/fondazione-fair.it\/en\/wp-json\/wp\/v2\/pages\/1541\/revisions\/1548"}],"wp:attachment":[{"href":"https:\/\/fondazione-fair.it\/en\/wp-json\/wp\/v2\/media?parent=1541"}],"curies":[{"name":"wp","href":"https:\/\/api.w.org\/{rel}","templated":true}]}}