{"id":1499,"date":"2024-02-05T14:44:56","date_gmt":"2024-02-05T13:44:56","guid":{"rendered":"https:\/\/fondazione-fair.it\/tp1-legal-and-ethical-design-of-trustworthy-ai-systems\/"},"modified":"2024-09-23T15:54:59","modified_gmt":"2024-09-23T13:54:59","slug":"tp1-legal-and-ethical-design-of-trustworthy-ai-systems","status":"publish","type":"page","link":"https:\/\/fondazione-fair.it\/en\/transversal-projects\/tp1-legal-and-ethical-design-of-trustworthy-ai-systems\/","title":{"rendered":"TP1: Legal and Ethical Design of Trustworthy AI Systems"},"content":{"rendered":"<section class=\"l-section wpb_row us_custom_2df7d2d9 sezione-intro-singolo-tp height_medium\"><div class=\"l-section-h i-cf\"><div class=\"g-cols vc_row via_flex valign_top type_default stacking_default\"><div class=\"vc_col-sm-12 wpb_column vc_column_container\"><div class=\"vc_column-inner\"><div class=\"wpb_wrapper\"><div class=\"g-cols wpb_row via_flex valign_top type_default stacking_default\"><div class=\"vc_col-sm-6 wpb_column vc_column_container\"><div class=\"vc_column-inner\"><div class=\"wpb_wrapper\"><div class=\"wpb_text_column\"><div class=\"wpb_wrapper\"><p>PIs:<\/p>\n<ul>\n<li>Carlo Casonato (Universit\u00e0 di Trento)<\/li>\n<li>Adriano Fabris (Universit\u00e0 di Pisa)<\/li>\n<li>Giovanni Sartor (Universit\u00e0 di Bologna)<\/li>\n<\/ul>\n<\/div><\/div><\/div><\/div><\/div><div class=\"vc_col-sm-6 wpb_column vc_column_container\"><div class=\"vc_column-inner\"><div class=\"wpb_wrapper\"><div class=\"wpb_text_column\"><div class=\"wpb_wrapper\"><p>Spoke 1: <a href=\"https:\/\/fondazione-fair.it\/en\/spoke\/spoke-1-human-centered-ai\/\">Human-centered AI<\/a><br \/>Spoke 3: <a href=\"https:\/\/fondazione-fair.it\/en\/spoke\/spoke-3-resilient-ai\/\">Resilient AI<\/a><br \/>Spoke 4: <a href=\"https:\/\/fondazione-fair.it\/en\/spoke\/spoke-4-adaptive-ai\/\">Adaptive AI<\/a><br \/>Spoke 5: <a href=\"https:\/\/fondazione-fair.it\/en\/spoke\/spoke-5-high-quality-ai\/\">High quality AI<\/a><br \/>Spoke 6: <a href=\"https:\/\/fondazione-fair.it\/en\/spoke\/spoke-6-symbiotic-ai\/\">Symbiotic AI<\/a><br \/>Spoke 7: <a href=\"https:\/\/fondazione-fair.it\/en\/spoke\/spoke-7-edge-exascale-ai\/\">Edge-exascale AI<\/a><br \/>Spoke 8: <a href=\"https:\/\/fondazione-fair.it\/en\/spoke\/spoke-8-pervasive-ai\/\">Pervasive AI<\/a><\/p>\n<\/div><\/div><\/div><\/div><\/div><\/div><\/div><\/div><\/div><\/div><\/div><\/section><section class=\"l-section wpb_row height_auto\"><div class=\"l-section-h i-cf\"><div class=\"g-cols vc_row via_flex valign_top type_default stacking_default\"><div class=\"vc_col-sm-12 wpb_column vc_column_container\"><div class=\"vc_column-inner\"><div class=\"wpb_wrapper\"><div class=\"w-separator size_custom with_line width_default thick_1 style_solid color_border align_center\" style=\"height:2px\"><div class=\"w-separator-h\"><\/div><\/div><\/div><\/div><\/div><\/div><\/div><\/section><section class=\"l-section wpb_row us_custom_2df7d2d9 height_medium\"><div class=\"l-section-h i-cf\"><div class=\"g-cols vc_row via_flex valign_top type_default stacking_default\"><div class=\"vc_col-sm-12 wpb_column vc_column_container\"><div class=\"vc_column-inner\"><div class=\"wpb_wrapper\"><div class=\"g-cols wpb_row via_flex valign_top type_default stacking_default\"><div class=\"vc_col-sm-12 wpb_column vc_column_container\"><div class=\"vc_column-inner\"><div class=\"wpb_wrapper\"><div class=\"wpb_text_column\"><div class=\"wpb_wrapper\"><p>This WP is aimed at providing design methodologies and content for trustworthy AI systems along the different dimensions of trustworthiness, as set forth in the EU documents on trustworthy AI and in the AI Act. The goal of this task is to verify the compliance of AI systems with ethical and legal values (e.g., privacy, fairness, explainability, human control) in order to increase the trustworthiness of AI enabled systems. <\/p>\n<p>Pervasive, autonomous, and intelligent computational entities, in fact, have become an essential aspect of today\u2019s social ecology. By 2025, for instance, 95% of connected devices will be AI-enabled. The magnitude of this phenomenon dictates that AI research and development must comply with ethical and legal principles related to a human-centered AI. Compliance with ethical and legal standards becomes a foundational aspect of AI, as well as AI becomes an asset for reinforcing ethical and legal principles.   <\/p>\n<p>From this angle, the relationship of AI with ethical and legal principles is a transversal issue affecting all spokes. All spoke, albeit to varying degrees, will in fact be confronted with legal and ethical issues. Special care will therefore be needed in coordinating these aspects of the various WP. Three TP workshops are planned for this purpose. Depending on the different topics, the transversal project will address:  <\/p>\n<ul>\n<li>Trustworthy and human centered AI in different settings: by-design, in-design, for designers<\/li>\n<li>Ethical models for trustworthy AI in uncertain multi-agent settings<\/li>\n<li>Identification and analysis of the ethical implications of algorithms in paradigmatic sectors and scenarios (resilient AI, adaptive AI, symbiotic AI, edge-exascale AI)<\/li>\n<li>Ethical Foundations for Adjustable Autonomy<\/li>\n<li>Methods for computable law and ethics: innovative technologies for the legal governance and ethics of AI<\/li>\n<li>AI act sustainability: reference and check of specific tasks against the principles of the proposed European regulation.<\/li>\n<\/ul>\n<\/div><\/div><div class=\"w-separator size_small\"><\/div><div class=\"w-btn-wrapper align_center hide_on_default hide_on_laptops hide_on_tablets hide_on_mobiles\"><a class=\"w-btn us-btn-style_2\" href=\"#\"><span class=\"w-btn-label\">Download the presentation<\/span><\/a><\/div><\/div><\/div><\/div><\/div><\/div><\/div><\/div><\/div><\/div><\/section>\n","protected":false},"excerpt":{"rendered":"PIs: Carlo Casonato (Universit\u00e0 di Trento) Adriano Fabris (Universit\u00e0 di Pisa) Giovanni Sartor (Universit\u00e0 di Bologna) Spoke 1: Human-centered AISpoke 3: Resilient AISpoke 4: Adaptive AISpoke 5: High quality AISpoke 6: Symbiotic AISpoke 7: Edge-exascale AISpoke 8: Pervasive AI This WP is aimed at providing design methodologies and content for trustworthy AI systems along the...","protected":false},"author":1,"featured_media":0,"parent":1541,"menu_order":0,"comment_status":"closed","ping_status":"closed","template":"","meta":{"footnotes":""},"class_list":["post-1499","page","type-page","status-publish","hentry"],"_links":{"self":[{"href":"https:\/\/fondazione-fair.it\/en\/wp-json\/wp\/v2\/pages\/1499","targetHints":{"allow":["GET"]}}],"collection":[{"href":"https:\/\/fondazione-fair.it\/en\/wp-json\/wp\/v2\/pages"}],"about":[{"href":"https:\/\/fondazione-fair.it\/en\/wp-json\/wp\/v2\/types\/page"}],"author":[{"embeddable":true,"href":"https:\/\/fondazione-fair.it\/en\/wp-json\/wp\/v2\/users\/1"}],"replies":[{"embeddable":true,"href":"https:\/\/fondazione-fair.it\/en\/wp-json\/wp\/v2\/comments?post=1499"}],"version-history":[{"count":4,"href":"https:\/\/fondazione-fair.it\/en\/wp-json\/wp\/v2\/pages\/1499\/revisions"}],"predecessor-version":[{"id":2536,"href":"https:\/\/fondazione-fair.it\/en\/wp-json\/wp\/v2\/pages\/1499\/revisions\/2536"}],"up":[{"embeddable":true,"href":"https:\/\/fondazione-fair.it\/en\/wp-json\/wp\/v2\/pages\/1541"}],"wp:attachment":[{"href":"https:\/\/fondazione-fair.it\/en\/wp-json\/wp\/v2\/media?parent=1499"}],"curies":[{"name":"wp","href":"https:\/\/api.w.org\/{rel}","templated":true}]}}