{"id":1413,"date":"2024-02-05T09:47:04","date_gmt":"2024-02-05T08:47:04","guid":{"rendered":"https:\/\/fondazione-fair.it\/?page_id=1413"},"modified":"2024-07-17T17:23:52","modified_gmt":"2024-07-17T15:23:52","slug":"spoke","status":"publish","type":"page","link":"https:\/\/fondazione-fair.it\/en\/spoke\/","title":{"rendered":"Spoke"},"content":{"rendered":"<section class=\"l-section wpb_row us_custom_2df7d2d9 sezione-pagina-spoke height_medium\"><div class=\"l-section-h i-cf\"><div class=\"g-cols vc_row via_flex valign_top type_default stacking_default\"><div class=\"vc_col-sm-12 wpb_column vc_column_container\"><div class=\"vc_column-inner\"><div class=\"wpb_wrapper\"><div class=\"wpb_text_column\"><div class=\"wpb_wrapper\"><p>The spokes are <b>strategically distributed throughout the Italian territory <\/b>and characterized by<b> a specific thematic area<\/b>, to address FAIR research challenges from different angles.<\/p>\n<p>The spokes act as catalysts both for the <b>development of innovative AI technologies <\/b>and for <b>new AI services in strategic sectors<\/b> for the country, interacting with the industrial sector, represented by both large companies and innovative small and medium-sized enterprises, and triggering<b> a virtuous collaboration between the scientific network and FAIR industrial partners<\/b>. Part of the funds will also be directed to external centers, for startups and companies that want to be involved in the so-called &#8220;cascade calls&#8221;.<\/p>\n<p>Spokes will also play a role in <b>amplifying AI training opportunities at all levels<\/b>. In particular, in the field of higher education FAIR will collaborate closely with the<a href=\"http:\/\/www.phd-ai.it\/\" target=\"_blank\" rel=\"noopener\"> National PhD in Artificial Intelligence<\/a>, coordinated by CNR, Universit\u00e0 Campus Bio-medico di Roma, Politecnico di Torino, Sapienza Universit\u00e0 di Roma, Universit\u00e0 di Napoli \u201cFederico II\u201d e Universit\u00e0 di Pisa.<\/p>\n<\/div><\/div><div class=\"w-separator size_medium\"><\/div><div class=\"g-cols wpb_row sottosezione-spoke-pagina via_flex valign_top type_default stacking_default\"><div class=\"vc_col-sm-12 vc_col-lg-6 vc_col-md-6 vc_col-xs-12 wpb_column vc_column_container colonna-pagina-spoke\"><div class=\"vc_column-inner\"><div class=\"wpb_wrapper\"><div class=\"w-vwrapper align_none valign_top\"><div class=\"w-image us_custom_2c4d5f7d has_height align_center\"><div class=\"w-image-h\"><img decoding=\"async\" width=\"130\" height=\"130\" src=\"https:\/\/fondazione-fair.it\/wp-content\/uploads\/2024\/02\/numero-fair-01.svg\" class=\"attachment-large size-large\" alt=\"\" loading=\"lazy\" \/><\/div><\/div><div class=\"wpb_text_column us_custom_c30584dd\"><div class=\"wpb_wrapper\"><div class=\"w-vwrapper align_center valign_top\">\n<div class=\"wpb_text_column us_custom_58b1af09\">\n<div class=\"wpb_wrapper\">\n<p style=\"text-align: center;\"><strong>Human-centered AI<br \/>\nUniversit\u00e0 di Pisa<\/strong><\/p>\n<\/div>\n<\/div>\n<\/div>\n<\/div><\/div><div class=\"wpb_text_column us_custom_c30584dd\"><div class=\"wpb_wrapper\"><p style=\"text-align: center;\">Affiliates: Consiglio Nazionale delle Ricerche, Scuola Normale Superiore, Deloitte, Intesa San Paolo<br \/>\nCoordinator: Dino Pedreschi<\/p>\n<\/div><\/div><div class=\"w-separator size_custom\" style=\"height:1px\"><\/div><div class=\"wpb_text_column us_custom_e7be6b5b bottone-link-interno\"><div class=\"wpb_wrapper\"><p style=\"text-align: center;\"><a href=\"https:\/\/fondazione-fair.it\/en\/spoke\/spoke-1-human-centered-ai\/\" rel=\"noopener\">Find out more<\/a><\/p>\n<\/div><\/div><\/div><\/div><\/div><\/div><div class=\"vc_col-sm-12 vc_col-lg-6 vc_col-md-6 wpb_column vc_column_container colonna-pagina-spoke\"><div class=\"vc_column-inner\"><div class=\"wpb_wrapper\"><div class=\"w-vwrapper align_none valign_top\"><div class=\"w-image us_custom_2c4d5f7d has_height align_center\"><div class=\"w-image-h\"><img decoding=\"async\" width=\"130\" height=\"130\" src=\"https:\/\/fondazione-fair.it\/wp-content\/uploads\/2024\/02\/numero-fair-02.svg\" class=\"attachment-large size-large\" alt=\"\" loading=\"lazy\" \/><\/div><\/div><div class=\"wpb_text_column us_custom_c30584dd\"><div class=\"wpb_wrapper\"><div class=\"w-vwrapper align_center valign_top\">\n<div class=\"wpb_text_column us_custom_58b1af09\">\n<div class=\"wpb_wrapper\">\n<p style=\"text-align: center;\"><strong>Integrative AI<br \/>\nFondazione Bruno Kessler<\/strong><\/p>\n<\/div>\n<\/div>\n<\/div>\n<\/div><\/div><div class=\"wpb_text_column us_custom_c30584dd\"><div class=\"wpb_wrapper\"><p style=\"text-align: center;\">Affiliates: Universit\u00e0 di Trento, Expert.ai<br \/>\nCoordinator: Paolo Traverso<\/p>\n<\/div><\/div><div class=\"w-separator size_custom\" style=\"height:1px\"><\/div><div class=\"wpb_text_column us_custom_e7be6b5b bottone-link-interno\"><div class=\"wpb_wrapper\"><p style=\"text-align: center;\"><a href=\"https:\/\/fondazione-fair.it\/en\/spoke\/spoke-2-integrative-ai\/\" rel=\"noopener\">Find out more<\/a><\/p>\n<\/div><\/div><\/div><\/div><\/div><\/div><\/div><div class=\"w-separator size_small\"><\/div><div class=\"g-cols wpb_row sottosezione-spoke-pagina via_flex valign_top type_default stacking_default\"><div class=\"vc_col-sm-12 vc_col-lg-6 vc_col-md-6 vc_col-xs-12 wpb_column vc_column_container colonna-pagina-spoke\"><div class=\"vc_column-inner\"><div class=\"wpb_wrapper\"><div class=\"w-vwrapper align_none valign_top\"><div class=\"w-image us_custom_2c4d5f7d has_height align_center\"><div class=\"w-image-h\"><img decoding=\"async\" width=\"130\" height=\"130\" src=\"https:\/\/fondazione-fair.it\/wp-content\/uploads\/2024\/02\/numero-fair-03.svg\" class=\"attachment-large size-large\" alt=\"\" loading=\"lazy\" \/><\/div><\/div><div class=\"wpb_text_column us_custom_c30584dd\"><div class=\"wpb_wrapper\"><div class=\"w-vwrapper align_center valign_top\">\n<div class=\"wpb_text_column us_custom_58b1af09\">\n<div class=\"wpb_wrapper\">\n<p style=\"text-align: center;\"><strong>Resilient AI<br \/>\nUniversit\u00e0 di Napoli &#8220;Federico II&#8221;<\/strong><\/p>\n<\/div>\n<\/div>\n<\/div>\n<\/div><\/div><div class=\"wpb_text_column us_custom_c30584dd\"><div class=\"wpb_wrapper\"><p style=\"text-align: center;\">Affiliates: Consiglio Nazionale delle Ricerche, Campus Bio-Medico<br \/>\nCoordinator: Sergio Di Martino<\/p>\n<\/div><\/div><div class=\"w-separator size_custom\" style=\"height:1px\"><\/div><div class=\"wpb_text_column us_custom_e7be6b5b bottone-link-interno\"><div class=\"wpb_wrapper\"><p style=\"text-align: center;\"><a href=\"https:\/\/fondazione-fair.it\/en\/spoke\/spoke-3-resilient-ai\/\" rel=\"noopener\">Find out more<\/a><\/p>\n<\/div><\/div><\/div><\/div><\/div><\/div><div class=\"vc_col-sm-12 vc_col-lg-6 vc_col-md-6 wpb_column vc_column_container colonna-pagina-spoke\"><div class=\"vc_column-inner\"><div class=\"wpb_wrapper\"><div class=\"w-vwrapper align_none valign_top\"><div class=\"w-image us_custom_2c4d5f7d has_height align_center\"><div class=\"w-image-h\"><img decoding=\"async\" width=\"130\" height=\"130\" src=\"https:\/\/fondazione-fair.it\/wp-content\/uploads\/2024\/02\/numero-fair-04.svg\" class=\"attachment-large size-large\" alt=\"\" loading=\"lazy\" \/><\/div><\/div><div class=\"wpb_text_column us_custom_c30584dd\"><div class=\"wpb_wrapper\"><div class=\"w-vwrapper align_center valign_top\">\n<div class=\"wpb_text_column us_custom_58b1af09\">\n<div class=\"wpb_wrapper\">\n<p style=\"text-align: center;\"><strong>Adaptive AI<br \/>\nPolitecnico di Milano<\/strong><\/p>\n<\/div>\n<\/div>\n<\/div>\n<\/div><\/div><div class=\"wpb_text_column us_custom_c30584dd\"><div class=\"wpb_wrapper\"><p style=\"text-align: center;\">Affiliates: Bocconi, Leonardo, Lutech<br \/>\nCoordinator: Nicola Gatti<\/p>\n<\/div><\/div><div class=\"w-separator size_custom\" style=\"height:1px\"><\/div><div class=\"wpb_text_column us_custom_e7be6b5b bottone-link-interno\"><div class=\"wpb_wrapper\"><p style=\"text-align: center;\"><a href=\"https:\/\/fondazione-fair.it\/en\/spoke\/spoke-4-adaptive-ai\/\" rel=\"noopener\">Find out more<\/a><\/p>\n<\/div><\/div><\/div><\/div><\/div><\/div><\/div><div class=\"w-separator size_small\"><\/div><div class=\"g-cols wpb_row sottosezione-spoke-pagina via_flex valign_top type_default stacking_default\"><div class=\"vc_col-sm-12 vc_col-lg-6 vc_col-md-6 vc_col-xs-12 wpb_column vc_column_container colonna-pagina-spoke\"><div class=\"vc_column-inner\"><div class=\"wpb_wrapper\"><div class=\"w-vwrapper align_none valign_top\"><div class=\"w-image us_custom_2c4d5f7d has_height align_center\"><div class=\"w-image-h\"><img decoding=\"async\" width=\"130\" height=\"130\" src=\"https:\/\/fondazione-fair.it\/wp-content\/uploads\/2024\/02\/numero-fair-05.svg\" class=\"attachment-large size-large\" alt=\"\" loading=\"lazy\" \/><\/div><\/div><div class=\"wpb_text_column us_custom_c30584dd\"><div class=\"wpb_wrapper\"><div class=\"w-vwrapper align_center valign_top\">\n<div class=\"wpb_text_column us_custom_58b1af09\">\n<div class=\"wpb_wrapper\">\n<p style=\"text-align: center;\"><strong>High quality AI<br \/>\nSapienza Universit\u00e0 di Roma<\/strong><\/p>\n<\/div>\n<\/div>\n<\/div>\n<\/div><\/div><div class=\"wpb_text_column us_custom_c30584dd\"><div class=\"wpb_wrapper\"><p style=\"text-align: center;\">Affiliates: Consiglio Nazionale delle Ricerche, Leonardo, Intesa San Paolo<br \/>\nCoordinator: Luca Iocchi<\/p>\n<\/div><\/div><div class=\"w-separator size_custom\" style=\"height:1px\"><\/div><div class=\"wpb_text_column us_custom_e7be6b5b bottone-link-interno\"><div class=\"wpb_wrapper\"><p style=\"text-align: center;\"><a href=\"https:\/\/fondazione-fair.it\/en\/spoke\/spoke-5-high-quality-ai\/\" rel=\"noopener\"><span class=\"HwtZe\" lang=\"en\"><span class=\"jCAhz ChMk0b\"><span class=\"ryNqvb\">Find out more<\/span><\/span><\/span><\/a><\/p>\n<\/div><\/div><\/div><\/div><\/div><\/div><div class=\"vc_col-sm-12 vc_col-lg-6 vc_col-md-6 wpb_column vc_column_container colonna-pagina-spoke\"><div class=\"vc_column-inner\"><div class=\"wpb_wrapper\"><div class=\"w-vwrapper align_none valign_top\"><div class=\"w-image us_custom_2c4d5f7d has_height align_center\"><div class=\"w-image-h\"><img decoding=\"async\" width=\"130\" height=\"130\" src=\"https:\/\/fondazione-fair.it\/wp-content\/uploads\/2024\/02\/numero-fair-06.svg\" class=\"attachment-large size-large\" alt=\"\" loading=\"lazy\" \/><\/div><\/div><div class=\"wpb_text_column us_custom_c30584dd\"><div class=\"wpb_wrapper\"><div class=\"w-vwrapper align_center valign_top\">\n<div class=\"wpb_text_column us_custom_58b1af09\">\n<div class=\"wpb_wrapper\">\n<p style=\"text-align: center;\"><strong>Symbiotic AI<br \/>\nUniversit\u00e0 di Bari<\/strong><\/p>\n<\/div>\n<\/div>\n<\/div>\n<\/div><\/div><div class=\"wpb_text_column us_custom_c30584dd\"><div class=\"wpb_wrapper\"><p style=\"text-align: center;\">Affiliates: Istituto Nazionale di Fisica Nucleare, Lutech<br \/>\nCoordinator: Donato Malerba<\/p>\n<\/div><\/div><div class=\"w-separator size_custom\" style=\"height:1px\"><\/div><div class=\"wpb_text_column us_custom_e7be6b5b bottone-link-interno\"><div class=\"wpb_wrapper\"><p style=\"text-align: center;\"><a href=\"https:\/\/fondazione-fair.it\/en\/spoke\/spoke-6-symbiotic-ai\/\" rel=\"noopener\">Find out more<\/a><\/p>\n<\/div><\/div><\/div><\/div><\/div><\/div><\/div><div class=\"w-separator size_small\"><\/div><div class=\"g-cols wpb_row sottosezione-spoke-pagina via_flex valign_top type_default stacking_default\"><div class=\"vc_col-sm-12 vc_col-lg-6 vc_col-md-6 vc_col-xs-12 wpb_column vc_column_container colonna-pagina-spoke\"><div class=\"vc_column-inner\"><div class=\"wpb_wrapper\"><div class=\"w-vwrapper align_none valign_top\"><div class=\"w-image us_custom_2c4d5f7d has_height align_center\"><div class=\"w-image-h\"><img decoding=\"async\" width=\"130\" height=\"130\" src=\"https:\/\/fondazione-fair.it\/wp-content\/uploads\/2024\/02\/numero-fair-07.svg\" class=\"attachment-large size-large\" alt=\"\" loading=\"lazy\" \/><\/div><\/div><div class=\"wpb_text_column us_custom_c30584dd\"><div class=\"wpb_wrapper\"><div class=\"w-vwrapper align_center valign_top\">\n<div class=\"wpb_text_column us_custom_58b1af09\">\n<div class=\"wpb_wrapper\">\n<p style=\"text-align: center;\"><strong>Edge-exascale AI<br \/>\nPolitecnico di Torino<\/strong><\/p>\n<\/div>\n<\/div>\n<\/div>\n<\/div><\/div><div class=\"wpb_text_column us_custom_c30584dd\"><div class=\"wpb_wrapper\"><p style=\"text-align: center;\">Affiliates: Scuola Internazionale Superiore di Studi Avanzati<br \/>\nCoordinator: Barbara Caputo<\/p>\n<\/div><\/div><div class=\"w-separator size_custom\" style=\"height:1px\"><\/div><div class=\"wpb_text_column us_custom_e7be6b5b bottone-link-interno\"><div class=\"wpb_wrapper\"><p style=\"text-align: center;\"><a href=\"https:\/\/fondazione-fair.it\/en\/spoke\/spoke-7-edge-exascale-ai\/\" rel=\"noopener\">Find out more<\/a><\/p>\n<\/div><\/div><\/div><\/div><\/div><\/div><div class=\"vc_col-sm-12 vc_col-lg-6 vc_col-md-6 wpb_column vc_column_container colonna-pagina-spoke\"><div class=\"vc_column-inner\"><div class=\"wpb_wrapper\"><div class=\"w-vwrapper align_none valign_top\"><div class=\"w-image us_custom_2c4d5f7d has_height align_center\"><div class=\"w-image-h\"><img decoding=\"async\" width=\"130\" height=\"130\" src=\"https:\/\/fondazione-fair.it\/wp-content\/uploads\/2024\/02\/numero-fair-08.svg\" class=\"attachment-large size-large\" alt=\"\" loading=\"lazy\" \/><\/div><\/div><div class=\"wpb_text_column us_custom_c30584dd\"><div class=\"wpb_wrapper\"><div class=\"w-vwrapper align_center valign_top\">\n<div class=\"wpb_text_column us_custom_58b1af09\">\n<div class=\"wpb_wrapper\">\n<p style=\"text-align: center;\"><strong>Pervasive AI<br \/>\nUniversit\u00e0 di Bologna<\/strong><\/p>\n<\/div>\n<\/div>\n<\/div>\n<\/div><\/div><div class=\"wpb_text_column us_custom_c30584dd\"><div class=\"wpb_wrapper\"><p style=\"text-align: center;\">Affiliates: Consiglio Nazionale delle Ricerche, Istituto Nazionale di Fisica Nucleare, Bracco, Leonardo<br \/>\nCoordinator: Michela Milano<\/p>\n<\/div><\/div><div class=\"w-separator size_custom\" style=\"height:1px\"><\/div><div class=\"wpb_text_column us_custom_e7be6b5b bottone-link-interno\"><div class=\"wpb_wrapper\"><p style=\"text-align: center;\"><a href=\"https:\/\/fondazione-fair.it\/en\/spoke\/spoke-8-pervasive-ai\/\" rel=\"noopener\">Find out more<\/a><\/p>\n<\/div><\/div><\/div><\/div><\/div><\/div><\/div><div class=\"w-separator size_small\"><\/div><div class=\"g-cols wpb_row sottosezione-spoke-pagina via_flex valign_top type_default stacking_default\"><div class=\"vc_col-sm-12 vc_col-lg-6 vc_col-md-6 vc_col-xs-12 wpb_column vc_column_container colonna-pagina-spoke\"><div class=\"vc_column-inner\"><div class=\"wpb_wrapper\"><div class=\"w-vwrapper align_none valign_top\"><div class=\"w-image us_custom_2c4d5f7d has_height align_center\"><div class=\"w-image-h\"><img decoding=\"async\" width=\"130\" height=\"130\" src=\"https:\/\/fondazione-fair.it\/wp-content\/uploads\/2024\/02\/numero-fair-09.svg\" class=\"attachment-large size-large\" alt=\"\" loading=\"lazy\" \/><\/div><\/div><div class=\"wpb_text_column us_custom_c30584dd\"><div class=\"wpb_wrapper\"><div class=\"w-vwrapper align_center valign_top\">\n<div class=\"wpb_text_column us_custom_58b1af09\">\n<div class=\"wpb_wrapper\">\n<p style=\"text-align: center;\"><strong>Green-aware AI<br \/>\nUniversit\u00e0 della Calabria<\/strong><\/p>\n<\/div>\n<\/div>\n<\/div>\n<\/div><\/div><div class=\"wpb_text_column us_custom_c30584dd\"><div class=\"wpb_wrapper\"><p style=\"text-align: center;\">Affiliates: Consiglio Nazionale delle Ricerche, Deloitte<br \/>\nCoordinator: Francesco Scarcello<\/p>\n<\/div><\/div><div class=\"w-separator size_custom\" style=\"height:1px\"><\/div><div class=\"wpb_text_column us_custom_e7be6b5b bottone-link-interno\"><div class=\"wpb_wrapper\"><p style=\"text-align: center;\"><a href=\"https:\/\/fondazione-fair.it\/en\/spoke\/spoke-9-green-aware-ai\/\" rel=\"noopener\">Find out more<\/a><\/p>\n<\/div><\/div><\/div><\/div><\/div><\/div><div class=\"vc_col-sm-12 vc_col-lg-6 vc_col-md-6 wpb_column vc_column_container colonna-pagina-spoke\"><div class=\"vc_column-inner\"><div class=\"wpb_wrapper\"><div class=\"w-vwrapper align_none valign_top\"><div class=\"w-image us_custom_2c4d5f7d has_height align_center\"><div class=\"w-image-h\"><img decoding=\"async\" width=\"166\" height=\"130\" src=\"https:\/\/fondazione-fair.it\/wp-content\/uploads\/2024\/02\/numero-fair-10.svg\" class=\"attachment-large size-large\" alt=\"\" loading=\"lazy\" \/><\/div><\/div><div class=\"wpb_text_column us_custom_c30584dd\"><div class=\"wpb_wrapper\"><div class=\"w-vwrapper align_center valign_top\">\n<div class=\"wpb_text_column us_custom_58b1af09\">\n<div class=\"wpb_wrapper\">\n<p style=\"text-align: center;\"><strong>Bio-socio-cognitive AI<br \/>\nIstituto Italiano di Tecnologia<\/strong><\/p>\n<\/div>\n<\/div>\n<\/div>\n<\/div><\/div><div class=\"wpb_text_column us_custom_c30584dd\"><div class=\"wpb_wrapper\"><p style=\"text-align: center;\">Affiliates: Consiglio Nazionale delle Ricerche, Istituto Nazionale di Fisica Nucleare, Universit\u00e0 di Catania, Leonardo, STMicroelectronics<br \/>\nCoordinator: Massimiliano Pontil<\/p>\n<\/div><\/div><div class=\"w-separator size_custom\" style=\"height:1px\"><\/div><div class=\"wpb_text_column us_custom_e7be6b5b bottone-link-interno\"><div class=\"wpb_wrapper\"><p style=\"text-align: center;\"><a href=\"https:\/\/fondazione-fair.it\/en\/spoke\/spoke-10-bio-socio-cognitive-ai\/\" rel=\"noopener\">Find out more<\/a><\/p>\n<\/div><\/div><\/div><\/div><\/div><\/div><\/div><\/div><\/div><\/div><\/div><\/div><\/section>\n","protected":false},"excerpt":{"rendered":"The spokes are strategically distributed throughout the Italian territory and characterized by a specific thematic area, to address FAIR research challenges from different angles. The spokes act as catalysts both for the development of innovative AI technologies and for new AI services in strategic sectors for the country, interacting with the industrial sector, represented by...","protected":false},"author":1,"featured_media":0,"parent":0,"menu_order":0,"comment_status":"closed","ping_status":"closed","template":"","meta":{"footnotes":""},"class_list":["post-1413","page","type-page","status-publish","hentry"],"_links":{"self":[{"href":"https:\/\/fondazione-fair.it\/en\/wp-json\/wp\/v2\/pages\/1413","targetHints":{"allow":["GET"]}}],"collection":[{"href":"https:\/\/fondazione-fair.it\/en\/wp-json\/wp\/v2\/pages"}],"about":[{"href":"https:\/\/fondazione-fair.it\/en\/wp-json\/wp\/v2\/types\/page"}],"author":[{"embeddable":true,"href":"https:\/\/fondazione-fair.it\/en\/wp-json\/wp\/v2\/users\/1"}],"replies":[{"embeddable":true,"href":"https:\/\/fondazione-fair.it\/en\/wp-json\/wp\/v2\/comments?post=1413"}],"version-history":[{"count":8,"href":"https:\/\/fondazione-fair.it\/en\/wp-json\/wp\/v2\/pages\/1413\/revisions"}],"predecessor-version":[{"id":2191,"href":"https:\/\/fondazione-fair.it\/en\/wp-json\/wp\/v2\/pages\/1413\/revisions\/2191"}],"wp:attachment":[{"href":"https:\/\/fondazione-fair.it\/en\/wp-json\/wp\/v2\/media?parent=1413"}],"curies":[{"name":"wp","href":"https:\/\/api.w.org\/{rel}","templated":true}]}}